{"id":2589,"date":"2024-06-24T12:00:34","date_gmt":"2024-06-24T10:00:34","guid":{"rendered":"https:\/\/ahf.mediunic.com\/?page_id=2589"},"modified":"2024-08-23T14:35:17","modified_gmt":"2024-08-23T12:35:17","slug":"contact-us","status":"publish","type":"page","link":"https:\/\/ahf.mediunic.com\/en\/contact-us\/","title":{"rendered":"Contact us"},"content":{"rendered":"<div class='flex_column av-ufse9-248d8fc9861e02fd3fe1c3056f712f09 av_one_full  avia-builder-el-0  el_before_av_hr  avia-builder-el-first  first flex_column_div '   ><div  class='avia-slideshow av-lxaihqsz-d3b17f1ab59eb951bccb78f3d361af3c av-control-default avia-slideshow-featured av_slideshow avia-slide-slider  avia-builder-el-1  avia-builder-el-no-sibling  av-default-height-applied avia-slideshow-1'  data-size='featured'  data-lightbox_size='large'  data-animation='slide'  data-conditional_play=''  data-ids='63'  data-video_counter='0'  data-autoplay='false'  data-bg_slider='false'  data-slide_height=''  data-handle='av_slideshow'  data-interval='5'  data-class=' avia-builder-el-1  avia-builder-el-no-sibling '  data-extra_class=''  data-el_id=''  data-css_id=''  data-scroll_down=''  data-control_layout='av-control-default'  data-custom_markup=''  data-perma_caption=''  data-autoplay_stopper=''  data-image_attachment=''  data-min_height='0px'  data-lazy_loading='disabled'  data-default-height='28.666666666667'  data-img_scrset=''  data-av-desktop-hide=''  data-av-medium-hide=''  data-av-small-hide=''  data-av-mini-hide=''  data-alb_description=''  data-id=''  data-custom_class=''  data-template_class=''  data-av_uid='av-lxaihqsz'  data-sc_version='1.0'  data-heading_tag=''  data-heading_class=''   itemprop=\"image\" itemscope=\"itemscope\" itemtype=\"https:\/\/schema.org\/ImageObject\" ><ul class='avia-slideshow-inner ' style='padding-bottom: 28.666666666667%;'><li  class='avia-slideshow-slide av-lxaihqsz-d3b17f1ab59eb951bccb78f3d361af3c__0  av-single-slide slide-1 ' ><div data-rel='slideshow-1' class='avia-slide-wrap '   ><img decoding=\"async\" class=\"wp-image-64 avia-img-lazy-loading-not-64\"  src=\"https:\/\/ahf.mediunic.com\/wp-content\/uploads\/sites\/5\/2023\/07\/Image-ambiance-AHF-3-1500x430.jpg\" width=\"1500\" height=\"430\" title='Image ambiance AHF 3' alt=''  itemprop=\"thumbnailUrl\"   \/><\/div><\/li><\/ul><\/div><\/div>\n\n<style type=\"text\/css\" data-created_by=\"avia_inline_auto\" id=\"style-css-av-lxai5qnq-08b1c05b86ff73bfcbc414b19c7b7e60\">\n#top .hr.hr-invisible.av-lxai5qnq-08b1c05b86ff73bfcbc414b19c7b7e60{\nheight:50px;\n}\n<\/style>\n<div  class='hr av-lxai5qnq-08b1c05b86ff73bfcbc414b19c7b7e60 hr-invisible  avia-builder-el-2  el_after_av_one_full  el_before_av_textblock '><span class='hr-inner '><span class=\"hr-inner-style\"><\/span><\/span><\/div>\n<section  class='av_textblock_section av-lxai4cn5-5bf66ed276f72b44a432459f4184873b'  itemscope=\"itemscope\" itemtype=\"https:\/\/schema.org\/CreativeWork\" ><div class='avia_textblock'  itemprop=\"text\" ><h1 style=\"text-align: left\">Une \u00e9quipe \u00e0 votre \u00e9coute<\/h1>\n<\/div><\/section>\n<section  class='av_textblock_section av-lxyd3ksj-dc150e2cc7f8767d132388c1f60b321b'  itemscope=\"itemscope\" itemtype=\"https:\/\/schema.org\/CreativeWork\" ><div class='avia_textblock'  itemprop=\"text\" ><h5 style=\"text-align: left\">Commercial Team<\/h5>\n<\/div><\/section>\n<div class='flex_column av-dr1up-b0df42795d350af1e01cda6efebb27f6 av_one_half  avia-builder-el-5  el_after_av_textblock  el_before_av_one_half  first flex_column_div column-top-margin'   ><style type=\"text\/css\" data-created_by=\"avia_inline_auto\" id=\"style-css-av-lxaib1e2-5d49f691dc4b3e6de6f5621da79559f9\">\n.avia-image-container.av-lxaib1e2-5d49f691dc4b3e6de6f5621da79559f9 .av-image-caption-overlay-center{\ncolor:#ffffff;\n}\n<\/style>\n<div  class='avia-image-container av-lxaib1e2-5d49f691dc4b3e6de6f5621da79559f9 av-styling- avia-align-center  avia-builder-el-6  avia-builder-el-no-sibling '  itemprop=\"image\" itemscope=\"itemscope\" itemtype=\"https:\/\/schema.org\/ImageObject\" ><div class=\"avia-image-container-inner\"><div class=\"avia-image-overlay-wrap\"><img decoding=\"async\" class='wp-image-1658 avia-img-lazy-loading-not-1658 avia_image' src=\"https:\/\/ahf.mediunic.com\/wp-content\/uploads\/sites\/5\/2024\/05\/AHF-Personnalisation-4-1030x1030.png\" alt='' title='AHF Personnalisation (4)'  height=\"1030\" width=\"1030\"  itemprop=\"thumbnailUrl\" srcset=\"https:\/\/ahf.mediunic.com\/wp-content\/uploads\/sites\/5\/2024\/05\/AHF-Personnalisation-4-1030x1030.png 1030w, https:\/\/ahf.mediunic.com\/wp-content\/uploads\/sites\/5\/2024\/05\/AHF-Personnalisation-4-300x300.png 300w, https:\/\/ahf.mediunic.com\/wp-content\/uploads\/sites\/5\/2024\/05\/AHF-Personnalisation-4-80x80.png 80w, https:\/\/ahf.mediunic.com\/wp-content\/uploads\/sites\/5\/2024\/05\/AHF-Personnalisation-4-768x768.png 768w, https:\/\/ahf.mediunic.com\/wp-content\/uploads\/sites\/5\/2024\/05\/AHF-Personnalisation-4-36x36.png 36w, https:\/\/ahf.mediunic.com\/wp-content\/uploads\/sites\/5\/2024\/05\/AHF-Personnalisation-4-180x180.png 180w, https:\/\/ahf.mediunic.com\/wp-content\/uploads\/sites\/5\/2024\/05\/AHF-Personnalisation-4-705x705.png 705w, https:\/\/ahf.mediunic.com\/wp-content\/uploads\/sites\/5\/2024\/05\/AHF-Personnalisation-4.png 1080w\" sizes=\"(max-width: 1030px) 100vw, 1030px\" \/><\/div><\/div><\/div><\/div><div class='flex_column av-bjymp-93571924eb3b3ad3dedf2acce0ea96ee av_one_half  avia-builder-el-7  el_after_av_one_half  el_before_av_hr  flex_column_div column-top-margin'   ><section  class='av_textblock_section av-lxahs4kg-5f8456b78ac260e4a52a5eb70a78428d'  itemscope=\"itemscope\" itemtype=\"https:\/\/schema.org\/CreativeWork\" ><div class='avia_textblock'  itemprop=\"text\" ><p>AHF is present throughout the world through its subsidiaries and a network of distributors who are constantly striving to meet the needs and demands of customers.<\/p>\n<p>Do not hesitate to contact our company if you have a specific project or if you want more information about our products &amp; services<\/p>\n<p><b>Contact us<\/b><\/p>\n<p><span style=\"color: #172bb0\"><b>T\u00e9l. +33 <\/b><\/span><b><span style=\"color: #172bb0\">(0)4 77 50 05 13<\/span><\/b><\/p>\n<p><b>export@groupe-ahf.fr<br \/>\n<\/b><b><\/b><b>AHF ATELIERS DU HAUT FOREZ<\/b><br \/>\n35 Bd de l\u2019Europe 42380 LA TOURETTE \u2013 France<\/p>\n<\/div><\/section><\/div><div  class='hr av-1gbkx-cb3f45a3bef73906ce612a27bd87d9bc hr-default  avia-builder-el-9  el_after_av_one_half  avia-builder-el-last '><span class='hr-inner '><span class=\"hr-inner-style\"><\/span><\/span><\/div><\/p>\n","protected":false},"excerpt":{"rendered":"","protected":false},"author":2,"featured_media":0,"parent":0,"menu_order":0,"comment_status":"closed","ping_status":"closed","template":"","meta":{"_seopress_robots_primary_cat":"","inline_featured_image":false,"_monsterinsights_skip_tracking":false,"_monsterinsights_sitenote_active":false,"_monsterinsights_sitenote_note":"","_monsterinsights_sitenote_category":0,"ngg_post_thumbnail":0,"footnotes":""},"class_list":["post-2589","page","type-page","status-publish","hentry"],"_links":{"self":[{"href":"https:\/\/ahf.mediunic.com\/en\/wp-json\/wp\/v2\/pages\/2589"}],"collection":[{"href":"https:\/\/ahf.mediunic.com\/en\/wp-json\/wp\/v2\/pages"}],"about":[{"href":"https:\/\/ahf.mediunic.com\/en\/wp-json\/wp\/v2\/types\/page"}],"author":[{"embeddable":true,"href":"https:\/\/ahf.mediunic.com\/en\/wp-json\/wp\/v2\/users\/2"}],"replies":[{"embeddable":true,"href":"https:\/\/ahf.mediunic.com\/en\/wp-json\/wp\/v2\/comments?post=2589"}],"version-history":[{"count":5,"href":"https:\/\/ahf.mediunic.com\/en\/wp-json\/wp\/v2\/pages\/2589\/revisions"}],"predecessor-version":[{"id":2751,"href":"https:\/\/ahf.mediunic.com\/en\/wp-json\/wp\/v2\/pages\/2589\/revisions\/2751"}],"wp:attachment":[{"href":"https:\/\/ahf.mediunic.com\/en\/wp-json\/wp\/v2\/media?parent=2589"}],"curies":[{"name":"wp","href":"https:\/\/api.w.org\/{rel}","templated":true}]}}